{"id":506,"date":"2026-04-03T21:07:35","date_gmt":"2026-04-03T21:07:35","guid":{"rendered":"https:\/\/digital-mi-services.org\/?page_id=506"},"modified":"2026-04-03T21:15:24","modified_gmt":"2026-04-03T21:15:24","slug":"peliculas-cristianas","status":"publish","type":"page","link":"https:\/\/digital-mi-services.org\/index.php\/peliculas-cristianas\/","title":{"rendered":"PELICULAS CRISTIANAS"},"content":{"rendered":"\t\t<div data-elementor-type=\"wp-page\" data-elementor-id=\"506\" class=\"elementor elementor-506\">\n\t\t\t\t<div class=\"elementor-element elementor-element-d503b40 e-flex e-con-boxed e-con e-parent\" data-id=\"d503b40\" data-element_type=\"container\" data-e-type=\"container\">\n\t\t\t\t\t<div class=\"e-con-inner\">\n\t\t\t\t<div class=\"elementor-element elementor-element-d359cb7 elementor-widget elementor-widget-html\" data-id=\"d359cb7\" data-element_type=\"widget\" data-e-type=\"widget\" data-widget_type=\"html.default\">\n\t\t\t\t\t<a href=\"https:\/\/voe.sx\/gjbtb5szozhu\"><img decoding=\"async\" src=\"https:\/\/voe.sx\/cache\/gjbtb5szozhu_storyboard_L2.jpg\" alt=\"Preview Pel\u00edcula Cristiana _ Rompiendo las Cadenas\" \/><\/a>\n\t\t\t\t<\/div>\n\t\t\t\t\t<\/div>\n\t\t\t\t<\/div>\n\t\t<div class=\"elementor-element elementor-element-02fee8f e-flex e-con-boxed e-con e-parent\" data-id=\"02fee8f\" data-element_type=\"container\" data-e-type=\"container\">\n\t\t\t\t\t<div class=\"e-con-inner\">\n\t\t\t\t<div class=\"elementor-element elementor-element-7a408d1 elementor-widget elementor-widget-text-editor\" data-id=\"7a408d1\" data-element_type=\"widget\" data-e-type=\"widget\" data-widget_type=\"text-editor.default\">\n\t\t\t\t\t\t\t\t\t<p><strong>ROMPIENDO LAS CADENAS<\/strong><\/p><p><strong>Sinopsis: \u201cRompiendo las Cadenas\u201d es una impactante pel\u00edcula cristiana que narra la lucha de una familia que enfrenta heridas emocionales, decisiones dif\u00edciles y cargas del pasado.<\/strong><br \/><strong>En medio de la crisis, la fe se convierte en su \u00fanica esperanza para encontrar perd\u00f3n, sanidad y verdadera libertad.<\/strong><\/p><p><strong>A trav\u00e9s de momentos emotivos y poderosos mensajes, esta historia muestra que Dios puede romper cualquier cadena, restaurar lo que parec\u00eda perdido y transformar incluso los corazones m\u00e1s heridos.<\/strong><br \/><strong>Una pel\u00edcula que te har\u00e1 reflexionar, sanar y creer nuevamente en el poder del amor y la fe.<\/strong><\/p><p>\u00a0<\/p><p><br \/><strong>Cuando el Se\u00f1or decide que es tiempo de ausentar al hombre f\u00edsicamente, para estar presente en su presencia, la separaci\u00f3n nos parece el final, el dolor nos invade, la pena nos atrapa y vivimos por un tiempo sumergidos en una profunda, y es impresionante, pero simple de entender que Dios nos ha dado un sentimiento profundo del coraz\u00f3n, y desde lo m\u00e1s profundo de nuestro ser extra\u00f1arnos al ser amado quien parti\u00f3 con \u00e9l Se\u00f1or&#8230; Y aunque el dolor moment\u00e1neo sea inimaginable, la paz interior que sentimos nos consuela, y el desconsuelo viene cuando entendemos que ya no tendremos f\u00edsicamente a nuestro ser querido. Te invitamos a explorar con nosotros esta hermosa saga y ha hallarle el lado positivo y el hermoso mensaje que en ella hay&#8230;<\/strong><\/p><p><strong>Acomp\u00e1\u00f1anos en este viaje de fe, amor y esperanza<\/strong>\u00a0<\/p>\t\t\t\t\t\t\t\t<\/div>\n\t\t\t\t\t<\/div>\n\t\t\t\t<\/div>\n\t\t<div class=\"elementor-element elementor-element-b04a864 e-flex e-con-boxed e-con e-parent\" data-id=\"b04a864\" data-element_type=\"container\" data-e-type=\"container\">\n\t\t\t\t\t<div class=\"e-con-inner\">\n\t\t\t\t<div class=\"elementor-element elementor-element-c57f531 elementor-widget elementor-widget-html\" data-id=\"c57f531\" data-element_type=\"widget\" data-e-type=\"widget\" data-widget_type=\"html.default\">\n\t\t\t\t\t<a href=\"https:\/\/voe.sx\/yelavkjcpkss\"><img decoding=\"async\" src=\"https:\/\/voe.sx\/cache\/yelavkjcpkss_storyboard_L2.jpg\" alt=\"Preview el amor despues de la vida\" \/><\/a>\t\t\t\t<\/div>\n\t\t\t\t\t<\/div>\n\t\t\t\t<\/div>\n\t\t<div class=\"elementor-element elementor-element-ed34de1 e-flex e-con-boxed e-con e-parent\" data-id=\"ed34de1\" data-element_type=\"container\" data-e-type=\"container\">\n\t\t\t\t\t<div class=\"e-con-inner\">\n\t\t\t\t<div class=\"elementor-element elementor-element-b2be499 elementor-widget elementor-widget-text-editor\" data-id=\"b2be499\" data-element_type=\"widget\" data-e-type=\"widget\" data-widget_type=\"text-editor.default\">\n\t\t\t\t\t\t\t\t\t<p><strong>EL AMOR DESPUES DE LA VIDA<\/strong><\/p><p><strong><span class=\"yt-core-attributed-string yt-core-attributed-string--white-space-pre-wrap\" dir=\"auto\"><span class=\"yt-core-attributed-string--link-inherit-color\" dir=\"auto\">Cuando el Se\u00f1or decide que es tiempo de ausentar al hombre f\u00edsicamente, para estar presente en su presencia, la separaci\u00f3n nos parece el final, el dolor nos invade, la pena nos atrapa y vivimos por un tiempo sumergidos en una profunda, y es impresionante, pero simple de entender que Dios nos ha dado un sentimiento profundo del coraz\u00f3n, y desde lo m\u00e1s profundo de nuestro ser extra\u00f1arnos al ser amado quien parti\u00f3 con \u00e9l Se\u00f1or&#8230; Y aunque el dolor moment\u00e1neo sea inimaginable, la paz interior que sentimos nos consuela, y el desconsuelo viene cuando entendemos que ya no tendremos f\u00edsicamente a nuestro ser querido. Te invitamos a explorar con nosotros esta hermosa saga y ha hallarle el lado positivo y el hermoso mensaje que en ella hay&#8230;<\/span><\/span><\/strong><\/p>\t\t\t\t\t\t\t\t<\/div>\n\t\t\t\t\t<\/div>\n\t\t\t\t<\/div>\n\t\t\t\t<\/div>\n\t\t","protected":false},"excerpt":{"rendered":"<p>ROMPIENDO LAS CADENAS Sinopsis: \u201cRompiendo las Cadenas\u201d es una impactante pel\u00edcula cristiana que narra la lucha de una familia que enfrenta heridas emocionales, decisiones dif\u00edciles y cargas del pasado.En medio de la crisis, la fe se convierte en su \u00fanica esperanza para encontrar perd\u00f3n, sanidad y verdadera libertad. A trav\u00e9s de momentos emotivos y poderosos [&hellip;]<\/p>\n","protected":false},"author":1,"featured_media":0,"parent":0,"menu_order":0,"comment_status":"closed","ping_status":"closed","template":"","meta":{"footnotes":""},"class_list":["post-506","page","type-page","status-publish","hentry","entry"],"_links":{"self":[{"href":"https:\/\/digital-mi-services.org\/index.php\/wp-json\/wp\/v2\/pages\/506","targetHints":{"allow":["GET"]}}],"collection":[{"href":"https:\/\/digital-mi-services.org\/index.php\/wp-json\/wp\/v2\/pages"}],"about":[{"href":"https:\/\/digital-mi-services.org\/index.php\/wp-json\/wp\/v2\/types\/page"}],"author":[{"embeddable":true,"href":"https:\/\/digital-mi-services.org\/index.php\/wp-json\/wp\/v2\/users\/1"}],"replies":[{"embeddable":true,"href":"https:\/\/digital-mi-services.org\/index.php\/wp-json\/wp\/v2\/comments?post=506"}],"version-history":[{"count":4,"href":"https:\/\/digital-mi-services.org\/index.php\/wp-json\/wp\/v2\/pages\/506\/revisions"}],"predecessor-version":[{"id":511,"href":"https:\/\/digital-mi-services.org\/index.php\/wp-json\/wp\/v2\/pages\/506\/revisions\/511"}],"wp:attachment":[{"href":"https:\/\/digital-mi-services.org\/index.php\/wp-json\/wp\/v2\/media?parent=506"}],"curies":[{"name":"wp","href":"https:\/\/api.w.org\/{rel}","templated":true}]}}